{"id":2047,"date":"2022-03-03T15:52:53","date_gmt":"2022-03-03T20:52:53","guid":{"rendered":"https:\/\/nomadrootsrecords.com\/madiakanou\/"},"modified":"2022-05-20T13:33:34","modified_gmt":"2022-05-20T17:33:34","slug":"madiakanou","status":"publish","type":"page","link":"https:\/\/nomadrootsrecords.com\/en\/madiakanou\/","title":{"rendered":"MADIAKANOU"},"content":{"rendered":"\n<div class=\"wp-block-caxton-grid relative  vw-100\"><div class=\"absolute absolute--fill\"><div class=\"absolute absolute--fill cover bg-center\" style=\"background-color:#ffd546;background-image:linear-gradient( #ffd546);\"><\/div><div class=\"absolute absolute--fill\" style=\"background-color:#ffd546;background-image:linear-gradient( #ffd546);opacity:1;\"><\/div><\/div><div class=\"relative caxton-columns caxton-grid-block\" style=\"padding-top:0;padding-left:0;padding-bottom:0;padding-right:0;grid-template-columns:repeat(12, 1fr)\" data-tablet-css=\"padding-left:em;padding-right:em;\" data-mobile-css=\"padding-left:em;padding-right:em;\">\n<div class=\"wp-block-caxton-section relative\" style=\"grid-area:span 1\/span 12\"><div class=\"absolute absolute--fill\"><div class=\"absolute absolute--fill cover bg-center\" style=\"background-color:;background-image:linear-gradient( );\"><\/div><div class=\"absolute absolute--fill\" style=\"background-color:;background-image:linear-gradient( );opacity:1;\"><\/div><\/div><div class=\"relative caxton-section-block\" style=\"padding-top:5px;padding-left:5px;padding-bottom:5px;padding-right:5px\" data-mobile-css=\"padding-left:1em;padding-right:1em;\" data-tablet-css=\"padding-left:1em;padding-right:1em;\">\n<div class=\"wp-block-image\"><figure class=\"aligncenter size-large is-resized\"><img loading=\"lazy\" decoding=\"async\" src=\"https:\/\/nomadrootsrecords.com\/wp-content\/uploads\/2022\/04\/Screen-Shot-2022-04-20-at-8.41.51-AM-1024x180.png\" alt=\"\" class=\"wp-image-2378\" width=\"751\" height=\"131\" srcset=\"https:\/\/nomadrootsrecords.com\/wp-content\/uploads\/2022\/04\/Screen-Shot-2022-04-20-at-8.41.51-AM-1024x180.png 1024w, https:\/\/nomadrootsrecords.com\/wp-content\/uploads\/2022\/04\/Screen-Shot-2022-04-20-at-8.41.51-AM-300x53.png 300w, https:\/\/nomadrootsrecords.com\/wp-content\/uploads\/2022\/04\/Screen-Shot-2022-04-20-at-8.41.51-AM-768x135.png 768w, https:\/\/nomadrootsrecords.com\/wp-content\/uploads\/2022\/04\/Screen-Shot-2022-04-20-at-8.41.51-AM-24x4.png 24w, https:\/\/nomadrootsrecords.com\/wp-content\/uploads\/2022\/04\/Screen-Shot-2022-04-20-at-8.41.51-AM-36x6.png 36w, https:\/\/nomadrootsrecords.com\/wp-content\/uploads\/2022\/04\/Screen-Shot-2022-04-20-at-8.41.51-AM-48x8.png 48w, https:\/\/nomadrootsrecords.com\/wp-content\/uploads\/2022\/04\/Screen-Shot-2022-04-20-at-8.41.51-AM.png 1692w\" sizes=\"(max-width: 751px) 100vw, 751px\" \/><\/figure><\/div>\n<\/div><\/div>\n<\/div><\/div>\n\n\n\n<div class=\"wp-block-caxton-grid relative  vw-100\"><div class=\"absolute absolute--fill\"><div class=\"absolute absolute--fill cover bg-center\" style=\"background-color:;background-image:linear-gradient( );\"><\/div><div class=\"absolute absolute--fill\" style=\"background-color:;background-image:linear-gradient( );opacity:1;\"><\/div><\/div><div class=\"relative caxton-columns caxton-grid-block\" style=\"padding-top:0;padding-left:0;padding-bottom:0;padding-right:0;grid-template-columns:repeat(12, 1fr)\" data-tablet-css=\"padding-left:em;padding-right:em;\" data-mobile-css=\"padding-left:em;padding-right:em;\">\n<div class=\"wp-block-caxton-section relative animated fadeInLeft\" style=\"grid-area:span 1\/span 6\"><div class=\"absolute absolute--fill\"><div class=\"absolute absolute--fill cover bg-center\" style=\"background-color:;background-image:linear-gradient( );\"><\/div><div class=\"absolute absolute--fill\" style=\"background-color:;background-image:linear-gradient( );opacity:1;\"><\/div><\/div><div class=\"relative caxton-section-block\" style=\"padding-top:50px;padding-left:50px;padding-bottom:50px;padding-right:5px\" data-mobile-css=\"padding-left:1em;padding-right:1em;\" data-tablet-css=\"padding-left:1em;padding-right:1em;\">\n<p class=\"has-text-color\" style=\"color:#dfca93\">France \/ R\u00e9union Island<\/p>\n\n\n\n<h1 class=\"has-text-color wp-block-heading\" style=\"color:#d5be7b;font-size:28px\">\/\/ BIOGRAPHY<\/h1>\n\n\n\n<div style=\"height:25px\" aria-hidden=\"true\" class=\"wp-block-spacer\"><\/div>\n\n\n\n<p>Madia fell into the rice pot of maloya when he was 11 years old when he joined the group of the legendary Gramoun L\u00e9l\u00e9, his uncle. Later, he joined the CRR to follow, for 8 years, the teaching of percussionists Jean-Luc Ceddaha and Nicolas Moucazambo, who introduced him to African rhythmic languages. After completing his training in metropolitan France, and discovering and working on the kamele n&#8217;goni, Madia multiplies collaborations on the island (Gramoun Sello, Gr\u00e8n Sem\u00e9, Tiloun, Votia\u2026) and plays with his cousins Urbain and Willy Phil\u00e9as in their respective groups. In 2002, he accompanies again Gramoun L\u00e9l\u00e9 in his last tours. From 2006 to 2021, as a multi-instrumentalist with the group Lindigo, he toured internationally, meeting new people and collaborating with others; he played with Matthieu Chedid, Yarol Poupaud and Los Munequitos de Matanzaz, and recorded with Winston McAnuff &amp; Fixi (Jamaica), Skip&amp;Die (South Africa), P achibaba (Reunion Island) and Blakkayo (Mauritius). The time has come for Madia to present her own compositions, within her own formation. The project has been matured for a long time; he will propose a music at the crossroads of the Reunionese maloya and the Mandingo music, his two main musical influences. He created MADIAKANOU, a variable geometry band around a &#8220;Mandingo maloya&#8221; repertoire.<\/p>\n\n\n\n<p>The traditional instruments of maloya (roul\u00e8r, kayanm, sati, pik\u00e8r, bobre, triyang) rub shoulders with those of Mandingo music (balafon, kam\u00e9l\u00e9 n&#8217;goni, dun un, djemb\u00e9, djabara\u2026); the electric bass enriches the groove, Madia provides lead vocals, and all the musicians are backing singers. Between evocation of the marronnage and celebration of the joy of living, between energy of the maloya of the east of Reunion, blues of the Indian Ocean and mandingo groove\u2026<\/p>\n\n\n\n<p>Madia has associated the services of &#8220;Tonton&#8221; percussionist and singer Harry P\u00e9rigone, notably heard alongside Dany\u00e8l Waro, Ziskakan, Bast\u00e8r, Dav y Sicard or Christine Salem, the balafonist Anas Mall, trained with Soumana Konat\u00e9, Aly Keita and Sory Diabat\u00e9, and a few talented representatives of a new generation of Reunionese musicians trained on the stages of the island and in the Afro-Cuban percussion classes of the CRR.<\/p>\n\n\n\n<p><\/p>\n\n\n\n<div class=\"wp-block-wpzoom-blocks-social-icons socialsprofiles is-style-with-canvas-round\" style=\"--wpz-social-icons-block-item-font-size:20px;--wpz-social-icons-block-item-padding-horizontal:10px;--wpz-social-icons-block-item-padding-vertical:10px;--wpz-social-icons-block-item-margin-horizontal:5px;--wpz-social-icons-block-item-margin-vertical:5px;--wpz-social-icons-block-item-border-radius:50px;--wpz-social-icons-block-label-font-size:20px;--wpz-social-icons-block-label-color:#2e3131;--wpz-social-icons-block-label-color-hover:#2e3131;--wpz-social-icons-alignment:flex-start\"><a href=\"https:\/\/www.facebook.com\/madiakanou\" class=\"social-icon-link\" target=\"_blank\" rel=\"noopener noreferrer\" style=\"--wpz-social-icons-block-item-color:#d5be7b;--wpz-social-icons-block-item-color-hover:#1877F2\"><span class=\"social-icon socicon socicon-facebook\"><\/span><\/a><a href=\"https:\/\/www.instagram.com\/madiakanou\/\" class=\"social-icon-link\" target=\"_blank\" rel=\"noopener noreferrer\" style=\"--wpz-social-icons-block-item-color:#d5be7b;--wpz-social-icons-block-item-color-hover:#E4405F\"><span class=\"social-icon socicon socicon-instagram\"><\/span><\/a><\/div>\n<\/div><\/div>\n\n\n\n<div class=\"wp-block-caxton-section relative mobilepix animated fadeInRight\" style=\"grid-area:span 1\/span 6\"><div class=\"absolute absolute--fill\"><div class=\"absolute absolute--fill cover bg-center\" style=\"background-color:;background-image:linear-gradient( );background-image:url(https:\/\/nomadrootsrecords.com\/wp-content\/uploads\/2022\/04\/PortraitMadia2.Presse-jpg-scaled.jpg);\"><\/div><div class=\"absolute absolute--fill\" style=\"background-color:;background-image:linear-gradient( );opacity:1;\"><\/div><\/div><div class=\"relative caxton-section-block\" style=\"padding-top:5px;padding-left:5px;padding-bottom:5px;padding-right:5px\" data-mobile-css=\"padding-left:1em;padding-right:1em;\" data-tablet-css=\"padding-left:1em;padding-right:1em;\">\n<div style=\"height:100px\" aria-hidden=\"true\" class=\"wp-block-spacer\"><\/div>\n<\/div><\/div>\n<\/div><\/div>\n\n\n\n<div class=\"wp-block-caxton-grid relative  vw-100\"><div class=\"absolute absolute--fill\"><div class=\"absolute absolute--fill cover bg-center\" style=\"background-color:;background-image:linear-gradient( );\"><\/div><div class=\"absolute absolute--fill\" style=\"background-color:;background-image:linear-gradient( );opacity:1;\"><\/div><\/div><div class=\"relative caxton-columns caxton-grid-block grid-gap-none\" style=\"padding-top:0;padding-left:0;padding-bottom:0;padding-right:0;grid-template-columns:repeat(12, 1fr)\" data-tablet-css=\"padding-left:em;padding-right:em;\" data-mobile-css=\"padding-left:em;padding-right:em;\">\n<div class=\"wp-block-caxton-section relative\" style=\"grid-area:span 1\/span 8\"><div class=\"absolute absolute--fill\"><div class=\"absolute absolute--fill cover bg-center\" style=\"background-color:;background-image:linear-gradient( );background-image:url(https:\/\/nomadrootsrecords.com\/wp-content\/uploads\/2022\/03\/pexels-photo-1535421.jpeg);background-attachment:fixed;\"><\/div><div class=\"absolute absolute--fill\" style=\"background-color:;background-image:linear-gradient( );opacity:1;\"><\/div><\/div><div class=\"relative caxton-section-block\" style=\"padding-top:5px;padding-left:5px;padding-bottom:5px;padding-right:5px\" data-mobile-css=\"padding-left:1em;padding-right:1em;\" data-tablet-css=\"padding-left:1em;padding-right:1em;\">\n<div class=\"wp-block-caxton-grid relative\"><div class=\"absolute absolute--fill\"><div class=\"absolute absolute--fill cover bg-center\" style=\"background-color:;background-image:linear-gradient( );\"><\/div><div class=\"absolute absolute--fill\" style=\"background-color:;background-image:linear-gradient( );opacity:1;\"><\/div><\/div><div class=\"relative caxton-columns caxton-grid-block\" style=\"padding-top:0;padding-left:0;padding-bottom:0;padding-right:0;grid-template-columns:repeat(12, 1fr)\" data-tablet-css=\"padding-left:em;padding-right:em;\" data-mobile-css=\"padding-left:em;padding-right:em;\">\n<div class=\"wp-block-caxton-section relative\" style=\"grid-area:span 1\/span 12\"><div class=\"absolute absolute--fill\"><div class=\"absolute absolute--fill cover bg-center\" style=\"background-color:;background-image:linear-gradient( );\"><\/div><div class=\"absolute absolute--fill\" style=\"background-color:;background-image:linear-gradient( );opacity:1;\"><\/div><\/div><div class=\"relative caxton-section-block\" style=\"padding-top:100px;padding-left:100px;padding-bottom:100px;padding-right:100px\" data-mobile-css=\"padding-left:1em;padding-right:1em;\" data-tablet-css=\"padding-left:1em;padding-right:1em;\">\n<div class=\"wp-block-image\"><figure class=\"aligncenter size-full is-resized\"><img loading=\"lazy\" decoding=\"async\" src=\"https:\/\/nomadrootsrecords.com\/wp-content\/uploads\/2022\/05\/presentEN.png\" alt=\"\" class=\"wp-image-2506\" width=\"357\" height=\"112\" srcset=\"https:\/\/nomadrootsrecords.com\/wp-content\/uploads\/2022\/05\/presentEN.png 834w, https:\/\/nomadrootsrecords.com\/wp-content\/uploads\/2022\/05\/presentEN-300x94.png 300w, https:\/\/nomadrootsrecords.com\/wp-content\/uploads\/2022\/05\/presentEN-768x241.png 768w, https:\/\/nomadrootsrecords.com\/wp-content\/uploads\/2022\/05\/presentEN-24x8.png 24w, https:\/\/nomadrootsrecords.com\/wp-content\/uploads\/2022\/05\/presentEN-36x11.png 36w, https:\/\/nomadrootsrecords.com\/wp-content\/uploads\/2022\/05\/presentEN-48x15.png 48w\" sizes=\"(max-width: 357px) 100vw, 357px\" \/><\/figure><\/div>\n\n\n\n<div class=\"wp-block-image\"><figure class=\"aligncenter size-large is-resized\"><img loading=\"lazy\" decoding=\"async\" src=\"https:\/\/nomadrootsrecords.com\/wp-content\/uploads\/2022\/05\/Pochette-Zaliko-1-683x1024.jpg\" alt=\"\" class=\"wp-image-2475\" width=\"372\" height=\"558\" srcset=\"https:\/\/nomadrootsrecords.com\/wp-content\/uploads\/2022\/05\/Pochette-Zaliko-1-683x1024.jpg 683w, https:\/\/nomadrootsrecords.com\/wp-content\/uploads\/2022\/05\/Pochette-Zaliko-1-200x300.jpg 200w, https:\/\/nomadrootsrecords.com\/wp-content\/uploads\/2022\/05\/Pochette-Zaliko-1-768x1152.jpg 768w, https:\/\/nomadrootsrecords.com\/wp-content\/uploads\/2022\/05\/Pochette-Zaliko-1-1024x1536.jpg 1024w, https:\/\/nomadrootsrecords.com\/wp-content\/uploads\/2022\/05\/Pochette-Zaliko-1-1365x2048.jpg 1365w, https:\/\/nomadrootsrecords.com\/wp-content\/uploads\/2022\/05\/Pochette-Zaliko-1-16x24.jpg 16w, https:\/\/nomadrootsrecords.com\/wp-content\/uploads\/2022\/05\/Pochette-Zaliko-1-24x36.jpg 24w, https:\/\/nomadrootsrecords.com\/wp-content\/uploads\/2022\/05\/Pochette-Zaliko-1-32x48.jpg 32w, https:\/\/nomadrootsrecords.com\/wp-content\/uploads\/2022\/05\/Pochette-Zaliko-1-scaled.jpg 1707w\" sizes=\"(max-width: 372px) 100vw, 372px\" \/><\/figure><\/div>\n<\/div><\/div>\n<\/div><\/div>\n<\/div><\/div>\n\n\n\n<div class=\"wp-block-caxton-section relative\" style=\"grid-area:span 1\/span 4\"><div class=\"absolute absolute--fill\"><div class=\"absolute absolute--fill cover bg-center\" style=\"background-color:#444444;background-image:linear-gradient( #444444);\"><\/div><div class=\"absolute absolute--fill\" style=\"background-color:#444444;background-image:linear-gradient( #444444);opacity:1;\"><\/div><\/div><div class=\"relative caxton-section-block\" style=\"padding-top:200px;padding-left:5px;padding-bottom:5px;padding-right:5px\" data-mobile-css=\"padding-left:1em;padding-right:1em;\" data-tablet-css=\"padding-left:1em;padding-right:1em;\">\n<h3 class=\"has-text-align-center has-white-color has-text-color wp-block-heading\">MADIAKANOU<\/h3>\n\n\n\n<div class=\"wp-block-uagb-buttons uagb-buttons__outer-wrap uagb-block-4c6a5d4f\"><div class=\"uagb-buttons__wrap uagb-buttons-layout-wrap\">\n<div class=\"wp-block-uagb-buttons-child uagb-buttons__outer-wrap uagb-block-b5c8fc6d\"><div class=\"uagb-button__wrapper\"><a class=\"uagb-buttons-repeater\" href=\"https:\/\/bfan.link\/zaliko\" rel=\"noopener noreferrer\" target=\"_self\"><div class=\"uagb-button__link\">BELIEVE <\/div><span class=\"uagb-button__icon uagb-button__icon-position-after\"><svg xmlns=\"http:\/\/www.w3.org\/2000\/svg\" viewbox=\"0 0 384 512\"><path d=\"M381.9 388.2c-6.4 27.4-27.2 42.8-55.1 48-24.5 4.5-44.9 5.6-64.5-10.2-23.9-20.1-24.2-53.4-2.7-74.4 17-16.2 40.9-19.5 76.8-25.8 6-1.1 11.2-2.5 15.6-7.4 6.4-7.2 4.4-4.1 4.4-163.2 0-11.2-5.5-14.3-17-12.3-8.2 1.4-185.7 34.6-185.7 34.6-10.2 2.2-13.4 5.2-13.4 16.7 0 234.7 1.1 223.9-2.5 239.5-4.2 18.2-15.4 31.9-30.2 39.5-16.8 9.3-47.2 13.4-63.4 10.4-43.2-8.1-58.4-58-29.1-86.6 17-16.2 40.9-19.5 76.8-25.8 6-1.1 11.2-2.5 15.6-7.4 10.1-11.5 1.8-256.6 5.2-270.2.8-5.2 3-9.6 7.1-12.9 4.2-3.5 11.8-5.5 13.4-5.5 204-38.2 228.9-43.1 232.4-43.1 11.5-.8 18.1 6 18.1 17.6.2 344.5 1.1 326-1.8 338.5z\"><\/path><\/svg><\/span><\/a><\/div><\/div>\n<\/div><\/div>\n\n\n\n<div style=\"height:28px\" aria-hidden=\"true\" class=\"wp-block-spacer\"><\/div>\n<\/div><\/div>\n<\/div><\/div>\n","protected":false},"excerpt":{"rendered":"","protected":false},"author":1,"featured_media":0,"parent":0,"menu_order":0,"comment_status":"closed","ping_status":"closed","template":"","meta":{"_uag_custom_page_level_css":"","_genesis_hide_title":false,"_genesis_hide_breadcrumbs":false,"_genesis_hide_singular_image":false,"_genesis_hide_footer_widgets":false,"_genesis_custom_body_class":"","_genesis_custom_post_class":"","_genesis_layout":"","footnotes":""},"yoast_head":"<!-- This site is optimized with the Yoast SEO plugin v24.5 - https:\/\/yoast.com\/wordpress\/plugins\/seo\/ -->\n<title>MADIAKANOU | Nomad Roots Records<\/title>\n<meta name=\"robots\" content=\"index, follow, max-snippet:-1, max-image-preview:large, max-video-preview:-1\" \/>\n<link rel=\"canonical\" href=\"https:\/\/nomadrootsrecords.com\/en\/madiakanou\/\" \/>\n<meta property=\"og:locale\" content=\"en_US\" \/>\n<meta property=\"og:type\" content=\"article\" \/>\n<meta property=\"og:title\" content=\"MADIAKANOU | Nomad Roots Records\" \/>\n<meta property=\"og:url\" content=\"https:\/\/nomadrootsrecords.com\/en\/madiakanou\/\" \/>\n<meta property=\"og:site_name\" content=\"Nomad Roots Records\" \/>\n<meta property=\"article:modified_time\" content=\"2022-05-20T17:33:34+00:00\" \/>\n<meta property=\"og:image\" content=\"https:\/\/www.nomadrootsrecords.com\/wp-content\/uploads\/2022\/04\/Screen-Shot-2022-04-20-at-8.41.51-AM-1024x180.png\" \/>\n<meta name=\"twitter:label1\" content=\"Est. reading time\" \/>\n\t<meta name=\"twitter:data1\" content=\"3 minutes\" \/>\n<script type=\"application\/ld+json\" class=\"yoast-schema-graph\">{\"@context\":\"https:\/\/schema.org\",\"@graph\":[{\"@type\":\"WebPage\",\"@id\":\"https:\/\/nomadrootsrecords.com\/en\/madiakanou\/\",\"url\":\"https:\/\/nomadrootsrecords.com\/en\/madiakanou\/\",\"name\":\"MADIAKANOU | Nomad Roots Records\",\"isPartOf\":{\"@id\":\"https:\/\/www.nomadrootsrecords.com\/en\/#website\"},\"primaryImageOfPage\":{\"@id\":\"https:\/\/nomadrootsrecords.com\/en\/madiakanou\/#primaryimage\"},\"image\":{\"@id\":\"https:\/\/nomadrootsrecords.com\/en\/madiakanou\/#primaryimage\"},\"thumbnailUrl\":\"https:\/\/nomadrootsrecords.com\/wp-content\/uploads\/2022\/04\/Screen-Shot-2022-04-20-at-8.41.51-AM-1024x180.png\",\"datePublished\":\"2022-03-03T20:52:53+00:00\",\"dateModified\":\"2022-05-20T17:33:34+00:00\",\"breadcrumb\":{\"@id\":\"https:\/\/nomadrootsrecords.com\/en\/madiakanou\/#breadcrumb\"},\"inLanguage\":\"en-US\",\"potentialAction\":[{\"@type\":\"ReadAction\",\"target\":[\"https:\/\/nomadrootsrecords.com\/en\/madiakanou\/\"]}]},{\"@type\":\"ImageObject\",\"inLanguage\":\"en-US\",\"@id\":\"https:\/\/nomadrootsrecords.com\/en\/madiakanou\/#primaryimage\",\"url\":\"https:\/\/nomadrootsrecords.com\/wp-content\/uploads\/2022\/04\/Screen-Shot-2022-04-20-at-8.41.51-AM-1024x180.png\",\"contentUrl\":\"https:\/\/nomadrootsrecords.com\/wp-content\/uploads\/2022\/04\/Screen-Shot-2022-04-20-at-8.41.51-AM-1024x180.png\"},{\"@type\":\"BreadcrumbList\",\"@id\":\"https:\/\/nomadrootsrecords.com\/en\/madiakanou\/#breadcrumb\",\"itemListElement\":[{\"@type\":\"ListItem\",\"position\":1,\"name\":\"Home\",\"item\":\"https:\/\/www.nomadrootsrecords.com\/en\/\"},{\"@type\":\"ListItem\",\"position\":2,\"name\":\"MADIAKANOU\"}]},{\"@type\":\"WebSite\",\"@id\":\"https:\/\/www.nomadrootsrecords.com\/en\/#website\",\"url\":\"https:\/\/www.nomadrootsrecords.com\/en\/\",\"name\":\"Nomad Roots Records\",\"description\":\"\",\"publisher\":{\"@id\":\"https:\/\/www.nomadrootsrecords.com\/en\/#organization\"},\"potentialAction\":[{\"@type\":\"SearchAction\",\"target\":{\"@type\":\"EntryPoint\",\"urlTemplate\":\"https:\/\/www.nomadrootsrecords.com\/en\/?s={search_term_string}\"},\"query-input\":{\"@type\":\"PropertyValueSpecification\",\"valueRequired\":true,\"valueName\":\"search_term_string\"}}],\"inLanguage\":\"en-US\"},{\"@type\":\"Organization\",\"@id\":\"https:\/\/www.nomadrootsrecords.com\/en\/#organization\",\"name\":\"Nomad Roots Records\",\"url\":\"https:\/\/www.nomadrootsrecords.com\/en\/\",\"logo\":{\"@type\":\"ImageObject\",\"inLanguage\":\"en-US\",\"@id\":\"https:\/\/www.nomadrootsrecords.com\/en\/#\/schema\/logo\/image\/\",\"url\":\"https:\/\/nomadrootsrecords.com\/wp-content\/uploads\/2022\/02\/logo-seedprosd.png\",\"contentUrl\":\"https:\/\/nomadrootsrecords.com\/wp-content\/uploads\/2022\/02\/logo-seedprosd.png\",\"width\":2065,\"height\":847,\"caption\":\"Nomad Roots Records\"},\"image\":{\"@id\":\"https:\/\/www.nomadrootsrecords.com\/en\/#\/schema\/logo\/image\/\"}}]}<\/script>\n<!-- \/ Yoast SEO plugin. -->","yoast_head_json":{"title":"MADIAKANOU | Nomad Roots Records","robots":{"index":"index","follow":"follow","max-snippet":"max-snippet:-1","max-image-preview":"max-image-preview:large","max-video-preview":"max-video-preview:-1"},"canonical":"https:\/\/nomadrootsrecords.com\/en\/madiakanou\/","og_locale":"en_US","og_type":"article","og_title":"MADIAKANOU | Nomad Roots Records","og_url":"https:\/\/nomadrootsrecords.com\/en\/madiakanou\/","og_site_name":"Nomad Roots Records","article_modified_time":"2022-05-20T17:33:34+00:00","og_image":[{"url":"https:\/\/www.nomadrootsrecords.com\/wp-content\/uploads\/2022\/04\/Screen-Shot-2022-04-20-at-8.41.51-AM-1024x180.png","type":"","width":"","height":""}],"twitter_misc":{"Est. reading time":"3 minutes"},"schema":{"@context":"https:\/\/schema.org","@graph":[{"@type":"WebPage","@id":"https:\/\/nomadrootsrecords.com\/en\/madiakanou\/","url":"https:\/\/nomadrootsrecords.com\/en\/madiakanou\/","name":"MADIAKANOU | Nomad Roots Records","isPartOf":{"@id":"https:\/\/www.nomadrootsrecords.com\/en\/#website"},"primaryImageOfPage":{"@id":"https:\/\/nomadrootsrecords.com\/en\/madiakanou\/#primaryimage"},"image":{"@id":"https:\/\/nomadrootsrecords.com\/en\/madiakanou\/#primaryimage"},"thumbnailUrl":"https:\/\/nomadrootsrecords.com\/wp-content\/uploads\/2022\/04\/Screen-Shot-2022-04-20-at-8.41.51-AM-1024x180.png","datePublished":"2022-03-03T20:52:53+00:00","dateModified":"2022-05-20T17:33:34+00:00","breadcrumb":{"@id":"https:\/\/nomadrootsrecords.com\/en\/madiakanou\/#breadcrumb"},"inLanguage":"en-US","potentialAction":[{"@type":"ReadAction","target":["https:\/\/nomadrootsrecords.com\/en\/madiakanou\/"]}]},{"@type":"ImageObject","inLanguage":"en-US","@id":"https:\/\/nomadrootsrecords.com\/en\/madiakanou\/#primaryimage","url":"https:\/\/nomadrootsrecords.com\/wp-content\/uploads\/2022\/04\/Screen-Shot-2022-04-20-at-8.41.51-AM-1024x180.png","contentUrl":"https:\/\/nomadrootsrecords.com\/wp-content\/uploads\/2022\/04\/Screen-Shot-2022-04-20-at-8.41.51-AM-1024x180.png"},{"@type":"BreadcrumbList","@id":"https:\/\/nomadrootsrecords.com\/en\/madiakanou\/#breadcrumb","itemListElement":[{"@type":"ListItem","position":1,"name":"Home","item":"https:\/\/www.nomadrootsrecords.com\/en\/"},{"@type":"ListItem","position":2,"name":"MADIAKANOU"}]},{"@type":"WebSite","@id":"https:\/\/www.nomadrootsrecords.com\/en\/#website","url":"https:\/\/www.nomadrootsrecords.com\/en\/","name":"Nomad Roots Records","description":"","publisher":{"@id":"https:\/\/www.nomadrootsrecords.com\/en\/#organization"},"potentialAction":[{"@type":"SearchAction","target":{"@type":"EntryPoint","urlTemplate":"https:\/\/www.nomadrootsrecords.com\/en\/?s={search_term_string}"},"query-input":{"@type":"PropertyValueSpecification","valueRequired":true,"valueName":"search_term_string"}}],"inLanguage":"en-US"},{"@type":"Organization","@id":"https:\/\/www.nomadrootsrecords.com\/en\/#organization","name":"Nomad Roots Records","url":"https:\/\/www.nomadrootsrecords.com\/en\/","logo":{"@type":"ImageObject","inLanguage":"en-US","@id":"https:\/\/www.nomadrootsrecords.com\/en\/#\/schema\/logo\/image\/","url":"https:\/\/nomadrootsrecords.com\/wp-content\/uploads\/2022\/02\/logo-seedprosd.png","contentUrl":"https:\/\/nomadrootsrecords.com\/wp-content\/uploads\/2022\/02\/logo-seedprosd.png","width":2065,"height":847,"caption":"Nomad Roots Records"},"image":{"@id":"https:\/\/www.nomadrootsrecords.com\/en\/#\/schema\/logo\/image\/"}}]}},"uagb_featured_image_src":{"full":false,"thumbnail":false,"medium":false,"medium_large":false,"large":false,"1536x1536":false,"2048x2048":false,"portfolio-thumbnail":false,"post-image":false,"alternate-portfolio-thumbnail":false,"menu-24x24":false,"menu-36x36":false,"menu-48x48":false},"uagb_author_info":{"display_name":"siteadmin","author_link":"https:\/\/nomadrootsrecords.com\/en\/author\/siteadmin\/"},"uagb_comment_info":0,"uagb_excerpt":null,"_links":{"self":[{"href":"https:\/\/nomadrootsrecords.com\/en\/wp-json\/wp\/v2\/pages\/2047"}],"collection":[{"href":"https:\/\/nomadrootsrecords.com\/en\/wp-json\/wp\/v2\/pages"}],"about":[{"href":"https:\/\/nomadrootsrecords.com\/en\/wp-json\/wp\/v2\/types\/page"}],"author":[{"embeddable":true,"href":"https:\/\/nomadrootsrecords.com\/en\/wp-json\/wp\/v2\/users\/1"}],"replies":[{"embeddable":true,"href":"https:\/\/nomadrootsrecords.com\/en\/wp-json\/wp\/v2\/comments?post=2047"}],"version-history":[{"count":13,"href":"https:\/\/nomadrootsrecords.com\/en\/wp-json\/wp\/v2\/pages\/2047\/revisions"}],"predecessor-version":[{"id":2587,"href":"https:\/\/nomadrootsrecords.com\/en\/wp-json\/wp\/v2\/pages\/2047\/revisions\/2587"}],"wp:attachment":[{"href":"https:\/\/nomadrootsrecords.com\/en\/wp-json\/wp\/v2\/media?parent=2047"}],"curies":[{"name":"wp","href":"https:\/\/api.w.org\/{rel}","templated":true}]}}